{"id":784,"date":"2018-03-29T11:42:08","date_gmt":"2018-03-29T09:42:08","guid":{"rendered":"http:\/\/laure-donzenac-osteo.com\/?page_id=784"},"modified":"2018-08-02T17:38:36","modified_gmt":"2018-08-02T15:38:36","slug":"symptomes","status":"publish","type":"page","link":"https:\/\/laure-donzenac-osteo.com\/?page_id=784","title":{"rendered":"Sympt\u00f4mes"},"content":{"rendered":"<div class=\"fusion-fullwidth fullwidth-box fusion-builder-row-1 nonhundred-percent-fullwidth non-hundred-percent-height-scrolling\" style=\"background-color: rgba(255,255,255,0);background-position: center center;background-repeat: no-repeat;padding-top:0px;padding-right:0px;padding-bottom:0px;padding-left:0px;margin-bottom: 0px;margin-top: 0px;border-width: 0px 0px 0px 0px;border-color:#eae9e9;border-style:solid;\" ><div class=\"fusion-builder-row fusion-row\"><div class=\"fusion-layout-column fusion_builder_column fusion-builder-column-0 fusion_builder_column_1_1 1_1 fusion-one-full fusion-column-first fusion-column-last\" style=\"margin-top:0px;margin-bottom:0px;\"><div class=\"fusion-column-wrapper fusion-flex-column-wrapper-legacy\" style=\"background-position:left top;background-repeat:no-repeat;-webkit-background-size:cover;-moz-background-size:cover;-o-background-size:cover;background-size:cover;padding: 0px 0px 0px 0px;\"><style type=\"text\/css\"><\/style><div class=\"fusion-title title fusion-title-1 fusion-title-center fusion-title-text fusion-title-size-one\" style=\"margin-top:0px;margin-right:0px;margin-bottom:31px;margin-left:0px;\"><div class=\"title-sep-container title-sep-container-left\"><div class=\"title-sep sep-single sep-solid\" style=\"border-color:#e0dede;\"><\/div><\/div><h1 class=\"title-heading-center\" style=\"margin:0;\">Quand consulter ?<\/h1><div class=\"title-sep-container title-sep-container-right\"><div class=\"title-sep sep-single sep-solid\" style=\"border-color:#e0dede;\"><\/div><\/div><\/div><div class=\"fusion-text fusion-text-1\"><h4 style=\"text-align: center;\">L&#8217;Ost\u00e9opathie s&#8217;adresse \u00e0 tous et \u00e0 tous les \u00e2ges de la Vie quelque soit la demande : physique, \u00e9motionnelle, et aussi bien spirituelle.<\/h4>\n<h4 style=\"text-align: center;\">Le traitement, adapt\u00e9 \u00e0 chacun, permettra de soulager les douleurs, lib\u00e9rer les tensions et retrouver l&#8217;hom\u00e9ostasie (processus de r\u00e9gulation physiologique par lequel l&#8217;organisme maintient les diff\u00e9rentes constantes du milieu int\u00e9rieur : pression art\u00e9rielle, temp\u00e9rature\u2026).\u00a0L&#8217;Ost\u00e9opathie intervient lors de douleur articulaire, musculaire, ligamentaire, tendineuse, osseuse, et nerveuse.\u00a0Apparue suite \u00e0 un traumatisme physique (chute, choc, accident de voiture) ou \u00e9motionnel (changement de Vie, arriv\u00e9e d&#8217;un enfant, licenciement, d\u00e9c\u00e8s, s\u00e9paration).<\/h4>\n<\/div><div class=\"fusion-sep-clear\"><\/div><div class=\"fusion-separator fusion-full-width-sep\" style=\"margin-left: auto;margin-right: auto;margin-top:15px;margin-bottom:15px;width:100%;\"><\/div><div class=\"fusion-sep-clear\"><\/div><div class=\"fusion-content-boxes content-boxes columns row fusion-columns-4 fusion-columns-total-4 fusion-content-boxes-1 content-boxes-icon-on-top content-left\" data-animationOffset=\"100%\" style=\"margin-top:0px;margin-bottom:60px;\"><style type=\"text\/css\">.fusion-content-boxes-1 .heading .content-box-heading {color:#333333;}\n\t\t\t\t\t.fusion-content-boxes-1 .fusion-content-box-hover .link-area-link-icon-hover .heading .content-box-heading,\n\t\t\t\t\t.fusion-content-boxes-1 .fusion-content-box-hover .link-area-link-icon-hover .heading .heading-link .content-box-heading,\n\t\t\t\t\t.fusion-content-boxes-1 .fusion-content-box-hover .link-area-box-hover .heading .content-box-heading,\n\t\t\t\t\t.fusion-content-boxes-1 .fusion-content-box-hover .link-area-box-hover .heading .heading-link .content-box-heading,\n\t\t\t\t\t.fusion-content-boxes-1 .fusion-content-box-hover .link-area-link-icon-hover.link-area-box .fusion-read-more,\n\t\t\t\t\t.fusion-content-boxes-1 .fusion-content-box-hover .link-area-link-icon-hover.link-area-box .fusion-read-more::after,\n\t\t\t\t\t.fusion-content-boxes-1 .fusion-content-box-hover .link-area-link-icon-hover.link-area-box .fusion-read-more::before,\n\t\t\t\t\t.fusion-content-boxes-1 .fusion-content-box-hover .fusion-read-more:hover:after,\n\t\t\t\t\t.fusion-content-boxes-1 .fusion-content-box-hover .fusion-read-more:hover:before,\n\t\t\t\t\t.fusion-content-boxes-1 .fusion-content-box-hover .fusion-read-more:hover,\n\t\t\t\t\t.fusion-content-boxes-1 .fusion-content-box-hover .link-area-box-hover.link-area-box .fusion-read-more,\n\t\t\t\t\t.fusion-content-boxes-1 .fusion-content-box-hover .link-area-box-hover.link-area-box .fusion-read-more::after,\n\t\t\t\t\t.fusion-content-boxes-1 .fusion-content-box-hover .link-area-box-hover.link-area-box .fusion-read-more::before,\n\t\t\t\t\t.fusion-content-boxes-1 .fusion-content-box-hover .link-area-link-icon-hover .icon .circle-no,\n\t\t\t\t\t.fusion-content-boxes-1 .heading .heading-link:hover .content-box-heading {\n\t\t\t\t\t\tcolor: #9e9e9e;\n\t\t\t\t\t}\n\t\t\t\t\t.fusion-content-boxes-1 .fusion-content-box-hover .link-area-box-hover .icon .circle-no {\n\t\t\t\t\t\tcolor: #9e9e9e !important;\n\t\t\t\t\t}.fusion-content-boxes-1 .fusion-content-box-hover .link-area-box.link-area-box-hover .fusion-content-box-button {background: #d6d6d6;color: #787878;background-image: -webkit-gradient( linear, left bottom, left top, from( #e8e8e8 ), to( #d6d6d6 ) );background-image: linear-gradient( to top, #e8e8e8, #d6d6d6 )}.fusion-content-boxes-1 .fusion-content-box-hover .link-area-box.link-area-box-hover .fusion-content-box-button .fusion-button-text {color: #787878;}\n\t\t\t\t\t.fusion-content-boxes-1 .fusion-content-box-hover .link-area-link-icon-hover .heading .icon > span {\n\t\t\t\t\t\tbackground-color: #9e9e9e !important;\n\t\t\t\t\t}\n\t\t\t\t\t.fusion-content-boxes-1 .fusion-content-box-hover .link-area-box-hover .heading .icon > span {\n\t\t\t\t\t\tborder-color: #9e9e9e !important;\n\t\t\t\t\t}<\/style><div class=\"fusion-column content-box-column content-box-column content-box-column-1 col-lg-3 col-md-3 col-sm-3 fusion-content-box-hover content-box-column-first-in-row\"><div class=\"col content-box-wrapper content-wrapper link-area-link-icon icon-hover-animation-fade fusion-animated\" style=\"background-color:transparent;\" data-animationType=\"fadeInLeft\" data-animationDuration=\"0.3\" data-animationOffset=\"100%\"><div class=\"heading heading-with-icon icon-left\"><div aria-hidden=\"true\" class=\"image\"><img src=\"http:\/\/laure-donzenac-osteo.com\/wp-content\/uploads\/2018\/04\/familly_adulte.png\" width=\"35\" height=\"35\" alt=\"\" \/><\/div><h2 class=\"content-box-heading\" style=\"font-size:18px;line-height:23px;\">Adulte<\/h2><\/div><div class=\"fusion-clearfix\"><\/div><div class=\"content-container\" style=\"color:#747474;\">\n<p>En cas de douleur, de probl\u00e8me dentaire,\u00a0d&#8217;audition, de peau, de trouble digestif, urinaire, neurologique, ORL, gyn\u00e9cologique,\u00a0liquidien\u2026<\/p>\n<p>Lors de trouble du sommeil, de l&#8217;endormissement,\u00a0de la concentration, de la m\u00e9moire, en cas de stress, de peur,\u00a0de vertige,\u00a0d&#8217;intol\u00e9rance alimentaire\u2026<\/p>\n<p>Avant, apr\u00e8s une op\u00e9ration, pour prendre conscience en soi, accompagner les changements de Vie, discerner nos vrais besoins\u2026<\/p>\n<\/div><\/div><\/div><div class=\"fusion-column content-box-column content-box-column content-box-column-2 col-lg-3 col-md-3 col-sm-3 fusion-content-box-hover \"><div class=\"col content-box-wrapper content-wrapper link-area-link-icon icon-hover-animation-fade fusion-animated\" style=\"background-color:transparent;\" data-animationType=\"fadeInLeft\" data-animationDuration=\"0.3\" data-animationOffset=\"100%\"><div class=\"heading heading-with-icon icon-left\"><div aria-hidden=\"true\" class=\"image\"><img src=\"http:\/\/laure-donzenac-osteo.com\/wp-content\/uploads\/2018\/04\/familly_enceinte.png\" width=\"35\" height=\"35\" alt=\"\" \/><\/div><h2 class=\"content-box-heading\" style=\"font-size:18px;line-height:23px;\">Femme enceinte<\/h2><\/div><div class=\"fusion-clearfix\"><\/div><div class=\"content-container\" style=\"color:#747474;\">\n<p>Tout au long de la grossesse : pr\u00e9paration \u00e0 l\u2019accouchement, contractions avant terme, douleurs, asym\u00e9trie du bassin,\u00a0inqui\u00e9tudes\u2026<\/p>\n<p>Mais aussi apr\u00e8s accouchement : p\u00e9ridurale, c\u00e9sarienne, pr\u00e9sentation en si\u00e8ge, \u00e9pisiotomie, instrumentation, douleur au coccyx, lombalgie\u2026<\/p>\n<p>Et les mois suivants :\u00a0difficult\u00e9s d\u2019allaitement, trouble du lien maman\/b\u00e9b\u00e9, douleur pendant les rapports, fuites urinaires\u2026<\/p>\n<\/div><\/div><\/div><div class=\"fusion-column content-box-column content-box-column content-box-column-3 col-lg-3 col-md-3 col-sm-3 fusion-content-box-hover \"><div class=\"col content-box-wrapper content-wrapper link-area-link-icon icon-hover-animation-fade fusion-animated\" style=\"background-color:transparent;\" data-animationType=\"fadeInLeft\" data-animationDuration=\"0.3\" data-animationOffset=\"100%\"><div class=\"heading heading-with-icon icon-left\"><div aria-hidden=\"true\" class=\"image\"><img src=\"http:\/\/laure-donzenac-osteo.com\/wp-content\/uploads\/2018\/04\/familly_bebe.png\" width=\"35\" height=\"35\" alt=\"\" \/><\/div><h2 class=\"content-box-heading\" style=\"font-size:18px;line-height:23px;\">B\u00e9b\u00e9<\/h2><\/div><div class=\"fusion-clearfix\"><\/div><div class=\"content-container\" style=\"color:#747474;\">\n<p>En cas de chute accidentelle de la table \u00e0 langer, de chutes, de\u00a0reflux, de coliques, de torticolis, de t\u00eate plate, de probl\u00e8me ORL \u00e0 r\u00e9p\u00e9tition, de strabisme\u2026<\/p>\n<p>Suite \u00e0 une grossesse difficile, une naissance pr\u00e9matur\u00e9e, en si\u00e8ge, une instrumentation lors de la naissance, lors de souffrance f\u0153tale, cordon autour du cou.\u2026<\/p>\n<p>Lors de difficult\u00e9s d&#8217;allaitement, de succion,\u00a0de sommeil, de\u00a0pleurs, de b\u00e9b\u00e9 agit\u00e9, allong\u00e9 en virgule, qui se tend, se plie, se jette en arri\u00e8re\u2026<\/p>\n<\/div><\/div><\/div><div class=\"fusion-column content-box-column content-box-column content-box-column-4 col-lg-3 col-md-3 col-sm-3 fusion-content-box-hover content-box-column-last content-box-column-last-in-row\"><div class=\"col content-box-wrapper content-wrapper link-area-link-icon icon-hover-animation-fade fusion-animated\" style=\"background-color:transparent;\" data-animationType=\"fadeInLeft\" data-animationDuration=\"0.3\" data-animationOffset=\"100%\"><div class=\"heading heading-with-icon icon-left\"><div aria-hidden=\"true\" class=\"image\"><img src=\"http:\/\/laure-donzenac-osteo.com\/wp-content\/uploads\/2018\/04\/familly_enfant.png\" width=\"35\" height=\"35\" alt=\"\" \/><\/div><h2 class=\"content-box-heading\" style=\"font-size:18px;line-height:23px;\">Enfant<\/h2><\/div><div class=\"fusion-clearfix\"><\/div><div class=\"content-container\" style=\"color:#747474;\">\n<p>Suite \u00e0 une chute, un choc, une op\u00e9ration, des pleurs r\u00e9p\u00e9t\u00e9s, tristesse, inqui\u00e9tudes\u2026<\/p>\n<p>Lors de probl\u00e8me de fatigue, d&#8217;endormissement, d&#8217;hyperactivit\u00e9, d&#8217;\u00e9nur\u00e9sie (pipi au lit), du\u00a0comportement, de l&#8217;apprentissage, de la concentration\u2026<\/p>\n<p>En cas d&#8217;asym\u00e9trie faciale, de semelles orthop\u00e9diques, de\u00a0scoliose, de diff\u00e9rence de longueur des jambes, de probl\u00e8me de courbures du dos, de croissance, de dentition\u2026<\/p>\n<\/div><\/div><\/div><style type=\"text\/css\">\n\t\t\t\t\t\t.fusion-content-boxes-1 .fusion-content-box-hover .heading-link:hover .icon i.circle-yes,\n\t\t\t\t\t\t.fusion-content-boxes-1 .fusion-content-box-hover .link-area-box:hover .heading-link .icon i.circle-yes,\n\t\t\t\t\t\t.fusion-content-boxes-1 .fusion-content-box-hover .link-area-link-icon-hover .heading .icon i.circle-yes,\n\t\t\t\t\t\t.fusion-content-boxes-1 .fusion-content-box-hover .link-area-box-hover .heading .icon i.circle-yes {\n\t\t\t\t\t\t\tbackground-color: #9e9e9e !important;\n\t\t\t\t\t\t\tborder-color: #9e9e9e !important;\n\t\t\t\t\t\t}<\/style><div class=\"fusion-clearfix\"><\/div><\/div><div class=\"fusion-text fusion-text-2\"><p style=\"text-align: center;\"><span style=\"color: #999999;\"><em>#cervicalgie\u00a0#dorsalgie #lombalgie #n\u00e9vralgie d&#8217;Arnold #occlusion dentaire #orthodontie #bruxisme #prognathisme #acouph\u00e8ne #perte de mobilit\u00e9 #raideur #engourdissement #entorse #foulure #contracture #\u00e9longation #inflammation #tendinite #douleur coccyx #douleur plantaire #intervention\u00a0chirurgicale #o<\/em><\/span><em><span style=\"color: #999999;\">cclusion dentaire #suivi\u00a0orthodontiste #d\u00e9viation mandibulaire #<\/span><\/em><span style=\"color: #999999;\"><em>intervention dentaire #p<\/em><\/span><span style=\"color: #999999;\"><em>osture #scoliose #croissance #a<\/em><\/span><span style=\"color: #999999;\"><em>sym\u00e9trie faciale #strabisme #s<\/em><\/span><span style=\"color: #999999;\"><em>emelles orthop\u00e9diques\u00a0<\/em><\/span><span style=\"color: #999999;\"><em>#constipation #diarrh\u00e9e #ballonnement #douleur #fourmillement #sensibilit\u00e9 #otite #rhino-pharyngite #rhinite #angine #sinusite #\u00e9nur\u00e9sie #cystite #fuites urinaires #fertilit\u00e9 #douleurs menstruelles #cycle irr\u00e9gulier #pertes #douleur pendant les rapports #libido #p\u00e9rin\u00e9e #grossesse difficile #contractions avant terme #asym\u00e9trie du bassin #pr\u00e9maturit\u00e9 #accouchement #p\u00e9ridurale #c\u00e9sarienne #pr\u00e9sentation en si\u00e8ge #\u00e9pisiotomie #forceps #spatule #cuill\u00e8re #souffrance f\u0153tale #cordon autour du cou #allaitement #coliques\u00a0#r\u00e9gurgitation #reflux gastro \u0153sophagien #torticolis #plagioc\u00e9phalie #jambes lourdes #mauvaise circulation #\u0153d\u00e8me #cicatrice #ecz\u00e9ma #c\u00e9phal\u00e9e #migraine #vertige #sommeil #endormissement #concentration #m\u00e9moire #comportement #apprentissage, #hyperactivit\u00e9 #stress #peur #fatigue #intol\u00e9rance alimentaire<\/em><\/span><\/p>\n<\/div><div class=\"fusion-clearfix\"><\/div><\/div><\/div><\/div><\/div>\n","protected":false},"excerpt":{"rendered":"","protected":false},"author":1,"featured_media":0,"parent":0,"menu_order":0,"comment_status":"closed","ping_status":"closed","template":"","meta":[],"_links":{"self":[{"href":"https:\/\/laure-donzenac-osteo.com\/index.php?rest_route=\/wp\/v2\/pages\/784"}],"collection":[{"href":"https:\/\/laure-donzenac-osteo.com\/index.php?rest_route=\/wp\/v2\/pages"}],"about":[{"href":"https:\/\/laure-donzenac-osteo.com\/index.php?rest_route=\/wp\/v2\/types\/page"}],"author":[{"embeddable":true,"href":"https:\/\/laure-donzenac-osteo.com\/index.php?rest_route=\/wp\/v2\/users\/1"}],"replies":[{"embeddable":true,"href":"https:\/\/laure-donzenac-osteo.com\/index.php?rest_route=%2Fwp%2Fv2%2Fcomments&post=784"}],"version-history":[{"count":47,"href":"https:\/\/laure-donzenac-osteo.com\/index.php?rest_route=\/wp\/v2\/pages\/784\/revisions"}],"predecessor-version":[{"id":1009,"href":"https:\/\/laure-donzenac-osteo.com\/index.php?rest_route=\/wp\/v2\/pages\/784\/revisions\/1009"}],"wp:attachment":[{"href":"https:\/\/laure-donzenac-osteo.com\/index.php?rest_route=%2Fwp%2Fv2%2Fmedia&parent=784"}],"curies":[{"name":"wp","href":"https:\/\/api.w.org\/{rel}","templated":true}]}}